{"id":82,"date":"2019-02-18T04:18:34","date_gmt":"2019-02-18T04:18:34","guid":{"rendered":"http:\/\/shtheme.net\/demosd\/dashcore\/?page_id=82"},"modified":"2021-07-01T23:01:30","modified_gmt":"2021-07-01T20:01:30","slug":"corporate","status":"publish","type":"page","link":"http:\/\/www.minervaedutech.com\/index.php\/corporate\/","title":{"rendered":"Home Corporate"},"content":{"rendered":"<p>[vc_row][vc_column] \n        <header class=\"header section parallax image-background center-bottom cover overlay gradient gradient-53 alpha-8 color-1\" style=\"background-image: url()\">\n            <div class=\"container overflow-hidden\">\n                <div class=\"row\">\n                    <div class=\"col-md-10 col-lg-8\">\n                        <h1 class=\"display-4 color-1 bold\">Ultimate HTML template                            <span class=\"d-block light\">for your great product<\/span>\n                        <\/h1>\n                        <p class=\"lead\">Dashcore is an astonishing HTML template to showcase promote and develop your product in the best way<\/p>\n                        <p class=\"handwritten font-md highlight px-4\">It is free for you<\/p>\n                        <nav class=\"nav mt-5\">\n                            <a href=\"#\" class=\"nav-link mr-3 btn btn-rounded btn-success\">Start Now <\/a>\n                            <a href=\"#\" class=\"nav-link btn btn btn-rounded btn-1\">\n                                <i class=\"fas fa-tag mr-3\"><\/i> Plans & pricing<\/a>\n                        <\/nav>\n                    <\/div>\n                <\/div>\n            <\/div>\n        <\/header>\n\n[\/vc_column][\/vc_row][vc_row type_row=&#8221;partners&#8221;][vc_column] \n        <div class=\"swiper-slide\">\n            <img decoding=\"async\" src=\"\" class=\"img-responsive\" alt=\"\" style=\"max-height: 60px\">\n        <\/div>               \n\n \n        <div class=\"swiper-slide\">\n            <img decoding=\"async\" src=\"\" class=\"img-responsive\" alt=\"\" style=\"max-height: 60px\">\n        <\/div>               \n\n \n        <div class=\"swiper-slide\">\n            <img decoding=\"async\" src=\"\" class=\"img-responsive\" alt=\"\" style=\"max-height: 60px\">\n        <\/div>               \n\n \n        <div class=\"swiper-slide\">\n            <img decoding=\"async\" src=\"\" class=\"img-responsive\" alt=\"\" style=\"max-height: 60px\">\n        <\/div>               \n\n \n        <div class=\"swiper-slide\">\n            <img decoding=\"async\" src=\"\" class=\"img-responsive\" alt=\"\" style=\"max-height: 60px\">\n        <\/div>               \n\n \n        <div class=\"swiper-slide\">\n            <img decoding=\"async\" src=\"\" class=\"img-responsive\" alt=\"\" style=\"max-height: 60px\">\n        <\/div>               \n\n[\/vc_column][\/vc_row][vc_row type_row=&#8221;features&#8221; ses_title=&#8221;DESIGN BETTER&#8221; ses_title2=&#8221;We design to fit all your needs&#8221;][vc_column] \n                         \n        <div class=\"col-md-4 py-4 rounded shadow-hover\">\n            <i class=\"pe pe-7s-paint-bucket pe-3x accent\"><\/i>\n            <h5 class=\"bold\">Easily theme-able<\/h5>\n            <p class=\"\">Lorem ipsum dolor sit amet, consectetur adipisicing elit. Ab dolores ea fugiat nesciunt quisquam. Assumenda dolore error nulla pariatur voluptatem?<\/p>\n        <\/div> \n\n \n                         \n        <div class=\"col-md-4 py-4 rounded shadow-hover\">\n            <i class=\"pe pe-7s-tools pe-3x accent\"><\/i>\n            <h5 class=\"bold\">Professional tools<\/h5>\n            <p class=\"\">Lorem ipsum dolor sit amet, consectetur adipisicing elit. Ab dolores ea fugiat nesciunt quisquam. Assumenda dolore error nulla pariatur voluptatem?<\/p>\n        <\/div> \n\n \n                         \n        <div class=\"col-md-4 py-4 rounded shadow-hover\">\n            <i class=\"pe pe-7s-target pe-3x accent\"><\/i>\n            <h5 class=\"bold\">Ready-to-use content<\/h5>\n            <p class=\"\">Lorem ipsum dolor sit amet, consectetur adipisicing elit. Ab dolores ea fugiat nesciunt quisquam. Assumenda dolore error nulla pariatur voluptatem?<\/p>\n        <\/div> \n\n[\/vc_column][\/vc_row][vc_row type_row=&#8221;section_steps_1&#8243; ses_title=&#8221;Tools for everyone&#8221; ses_subtitle=&#8221;Get ready in no time&#8230; just like 1, 2 &amp; 3.&#8221;][vc_column width=&#8221;1\/2&#8243;] \n\n        <div class=\"col-lg-4\">\n            <h2 class=\"light\">Start the right way<br>\n                <span class=\"bold\">Start with Dashcore<\/span>\n            <\/h2>\n            <p class=\"lead color-2\">Thinking about a new project? Start in no time with the tools Dashcore brings to you.<\/p>\n            <a href=\"http:\/\/shtheme.net\/demosd\/dashcore\/?page_id=628\" class=\"btn btn-accent btn-rounded mt-4\">CHOOSE THE RIGHT PLAN                <i class=\"ml-3 fas fa-long-arrow-alt-right\"><\/i>\n            <\/a>\n            <hr class=\"mt-5 mb-4\">\n            <ol id=\"sw-nav-tools\" class=\"nav nav-process nav-circle nav-fill\">\n                                <li class=\"nav-item active\" data-step=\"1\">\n                    <a class=\"nav-link\" href=\"#\" data-step=\"1\">\n                        <small class=\"mt-4 absolute\">Evrensel Fikirler- Yerel Uygulmalar<\/small>\n                    <\/a>\n                <\/li>\n                \n                                <li class=\"nav-item \" data-step=\"2\">\n                    <a class=\"nav-link\" href=\"#\" data-step=\"2\">\n                        <small class=\"mt-4 absolute\">Konusunda Profesyonel ve Deneyimli Uzmanlar<\/small>\n                    <\/a>\n                <\/li>\n                \n                                <li class=\"nav-item\" data-step=\"3\">\n                    <a class=\"nav-link\" href=\"#\" data-step=\"3\">\n                        <small class=\"mt-4 absolute\">Kar\u015f\u0131l\u0131kl\u0131 De\u011fer Yaratmaya Odakl\u0131l\u0131k<\/small>\n                    <\/a>\n                <\/li>\n                \n                                <li class=\"nav-item \" data-step=\"4\">\n                    <a class=\"nav-link\" href=\"#\" data-step=\"4\">\n                        <small class=\"mt-4 absolute\">Uzun S\u00fcreli \u0130\u015fbirli\u011fi<\/small>\n                    <\/a>\n                <\/li>\n                \n                                <li class=\"nav-item\" data-step=\"5\">\n                    <a class=\"nav-link\" href=\"#\" data-step=\"5\">\n                        <small class=\"mt-4 absolute\">Hizmette Nicelik yerine Niteli\u011fe Odaklanma<\/small>\n                    <\/a>\n                <\/li>\n                \n                                <li class=\"nav-item\" data-step=\"6\">\n                    <a class=\"nav-link\" href=\"#\" data-step=\"6\">\n                        <small class=\"mt-4 absolute\">2- Detayl\u0131 ve B\u00fct\u00fcnsel Yakla\u015f\u0131m<\/small>\n                    <\/a>\n                <\/li>\n                \n                                <li class=\"nav-item\" data-step=\"7\">\n                    <a class=\"nav-link\" href=\"#\" data-step=\"7\">\n                        <small class=\"mt-4 absolute\">\u00c7eviklik ve Esneklik<\/small>\n                    <\/a>\n                <\/li>\n                \n                \n                \n                                \n            <\/ol>\n        <\/div>\n\n[\/vc_column][vc_column width=&#8221;1\/2&#8243;] \n\n        <div class=\"col-lg-7 ml-lg-auto\">\n            <div class=\"browser shadow mt-4 mt-md-0\" data-aos=\"fade-left\">\n                <div class=\"swiper-container\" data-sw-navigation=\"#sw-nav-tools\">\n                    <div class=\"swiper-wrapper\">\n\n                        \n                        \n                        \n                        \n                        \n                        \n                        \n                        \n                        \n                        \n                    <\/div>\n                <\/div>\n            <\/div>\n        <\/div>           \n\n[\/vc_column][\/vc_row][vc_row][vc_column] \n        <section class=\"singl-testimonial shadow\">\n            <div class=\"container-fluid py-0\">\n                <div class=\"row align-items-center gradient gradient-54 color-1\">\n                    <div class=\"col-md-3 mx-auto py-4 py-md-0\">\n                        <p class=\"text-uppercase mb-0 badge badge-1\">DASHCORE IS GREAT FOR..<\/p>\n                        <p class=\"font-md bold mt-1 color-1\">Anyone who is looking for a great startup template<\/p>\n                        <hr class=\"my-4\">\n                        <div class=\"small color-1\">\n                            <span class=\"bold d-block\">Lorem Inc ,<\/span> Doing great since 2018<\/div>\n                    <\/div>\n                    <div class=\"col-12 col-md-7 image-background cover\" style=\"background-image: url();\"><\/div>\n                <\/div>\n            <\/div>\n        <\/section>          \n[\/vc_column][\/vc_row][vc_row type_row=&#8221;offers&#8221; ses_title=&#8221;Let&#8217;s do business&#8221; ses_title2=&#8221;What Dashcore template offers&#8221;][vc_column] \n\n        <div class=\"col-md-6\">\n            <div class=\"rounded bg-1 shadow-box image-background contain off-left-background p-4 pl-6 pl-md-9\" style=\"background-image: url()\">\n                <h3>Save time<\/h3>\n                <p class=\"color-2 mb-0\">Lorem ipsum dolor sit amet, consectetur adipisicing elit. Error eveniet nihil perspiciatis quia quidem quod ratione sapiente sint?<\/p>\n            <\/div>\n        <\/div>\n                 \n \n\n        <div class=\"col-md-6\">\n            <div class=\"rounded bg-1 shadow-box image-background contain off-left-background p-4 pl-6 pl-md-9\" style=\"background-image: url()\">\n                <h3>Get things done<\/h3>\n                <p class=\"color-2 mb-0\">Lorem ipsum dolor sit amet, consectetur adipisicing elit. Error eveniet nihil perspiciatis quia quidem quod ratione sapiente sint?<\/p>\n            <\/div>\n        <\/div>\n                 \n \n\n        <div class=\"col-md-6\">\n            <div class=\"rounded bg-1 shadow-box image-background contain off-left-background p-4 pl-6 pl-md-9\" style=\"background-image: url()\">\n                <h3>Grow your business<\/h3>\n                <p class=\"color-2 mb-0\">Lorem ipsum dolor sit amet, consectetur adipisicing elit. Error eveniet nihil perspiciatis quia quidem quod ratione sapiente sint?<\/p>\n            <\/div>\n        <\/div>\n                 \n \n\n        <div class=\"col-md-6\">\n            <div class=\"rounded bg-1 shadow-box image-background contain off-left-background p-4 pl-6 pl-md-9\" style=\"background-image: url()\">\n                <h3>Accomplish your goals<\/h3>\n                <p class=\"color-2 mb-0\">Lorem ipsum dolor sit amet, consectetur adipisicing elit. Error eveniet nihil perspiciatis quia quidem quod ratione sapiente sint?<\/p>\n            <\/div>\n        <\/div>\n                 \n[\/vc_column][\/vc_row][vc_row][vc_column] \n\n        <section class=\"section\">\n            <div class=\"container-wide bring-to-front\">\n                <div class=\"row gap-y align-items-center text-center text-lg-left\">\n                    <div class=\"col-10 col-lg-4 mx-auto order-md-2\">\n                        <h2>Designed to provide top-notch appearance<\/h2>\n                        <p class=\"lead color-2\">Lorem ipsum dolor sit amet, consectetur adipisicing elit, sed do eiusmod tempor incididunt ut labore et dolore magna aliqua.<\/p>\n                        <p>Nullam vitae scelerisque est, sed tempus metus. Donec convallis volutpat enim consequat viverra. Nam blandit est eu ipsum elementum, ac pellentesque nibh placerat. Quisque venenatis pulvinar nulla, non vestibulum urna ultrices accumsan.<\/p>\n                        <a href=\"#\" class=\"btn btn-info btn-rounded mt-4\">LEARN MORE<\/a>\n                    <\/div>\n                    <div class=\"col-12 col-lg-6 pl-0 order-md-1\">\n                        <img decoding=\"async\" src=\"\" alt=\"\" class=\"img-responsive shadow\" data-aos=\"fade-right\">\n                    <\/div>\n                <\/div>\n            <\/div>\n        <\/section>\n     \n\n[\/vc_column][\/vc_row][vc_row][vc_column] \n\n \n        <section class=\"section\">\n            <div class=\"container-wide\">\n                <div class=\"row gap-y align-items-center text-center text-lg-left\">\n                    <div class=\"col-10 col-lg-4 mx-auto\">\n                        <h2>Lightweight HTML template great for your product<\/h2>\n                        <p class=\"lead color-2\">Suspendisse dignissim lorem vel elit dapibus mattis. Etiam magna nunc, maximus bibendum diam et, porttitor.<\/p>\n                        <p>Vivamus ut mauris vel orci ornare hendrerit. Pellentesque eu enim ipsum. In mauris tellus, gravida nec euismod et, egestas et tortor. Sed ante ipsum, scelerisque vel enim eu, facilisis consectetur elit.<\/p>\n                        <a href=\"#\" class=\"btn btn-info btn-rounded mt-4\">LEARN MORE<\/a>\n                    <\/div>\n                    <div class=\"col-12 col-lg-6 pr-0\">\n                        <img decoding=\"async\" src=\"\" alt=\"\" class=\"img-responsive shadow\" data-aos=\"fade-left\">\n                    <\/div>\n                <\/div>\n            <\/div>\n        <\/section>      \n     \n\n[\/vc_column][\/vc_row][vc_row][vc_column] \n    <section class=\"singl-testimonial shadow\">\n            <div class=\"container-fluid py-0\">\n                <div class=\"row align-items-center gradient gradient-54 color-1\">\n                    <div class=\"col-md-7 image-background cover center-top\" style=\"background-image: url();\"><\/div>\n                    <div class=\"col-md-3 mx-auto py-4 py-md-0\">\n                        <blockquote class=\"bold mt-1 color-1\">If your company is struggling to stay in business, there may be several options you can explore. Dashcore, was the perfect template. It is very easy to implement, has great design, and it has all the functionality we were looking for.<\/blockquote>\n                        <hr class=\"my-4\">\n                        <div class=\"small color-1\">\n                            <span class=\"bold d-block\">Jean Doe,<\/span> CEO & Founder of Awesome Company<\/div>\n                    <\/div>\n                <\/div>\n            <\/div>\n    <\/section>  \n[\/vc_column][\/vc_row][vc_row type_row=&#8221;faqs&#8221;][vc_column width=&#8221;1\/2&#8243;] \n        <div class=\"col-md-4\">\n            <h2>Do you have                <span class=\"bold\">questions<\/span>\n            <\/h2>\n            <p class=\"lead\">Not sure how this template can help you? Wonder why you need to buy our theme?<\/p>\n            <p class=\"text-muted\">Here are the answers to some of the most common questions we hear from our appreciated customers<\/p>\n        <\/div>\n                    \n[\/vc_column][vc_column width=&#8221;1\/2&#8243; type=&#8221;faqs_1b&#8221;] \n\n        <div class=\"card mb-3\">\n            <div class=\"card-header\">\n                <a href=\"#\" class=\"card-title btn\" data-toggle=\"collapse\" data-target=\"#q1\">What does the package include?<\/a>\n            <\/div>\n\n                        <div id=\"q1\" class=\"collapse show\" data-parent=\"#common-faqs-accordion\">\n            \n                <div class=\"card-body\">When you buy Dashcore, you get all you see in the demo but the images. We include SASS files for styling, complete JS files with comments, all HTML variations. Besides we include all mobile PSD mockups.<\/div>\n            <\/div>\n        <\/div>\n  \n \n\n        <div class=\"card mb-3\">\n            <div class=\"card-header\">\n                <a href=\"#\" class=\"card-title btn\" data-toggle=\"collapse\" data-target=\"#q2\">What is the typical response time for a support question?<\/a>\n            <\/div>\n\n                        <div id=\"q2\" class=\"collapse\" data-parent=\"#common-faqs-accordion\">\n            \n                <div class=\"card-body\">Since you report us a support question we try to make our best to find out what is going on, depending on the case it could take more or les time, however a standard time could be minutes or hours.<\/div>\n            <\/div>\n        <\/div>\n  \n \n\n        <div class=\"card mb-3\">\n            <div class=\"card-header\">\n                <a href=\"#\" class=\"card-title btn\" data-toggle=\"collapse\" data-target=\"#q3\">What do I need to know to customize this template?<\/a>\n            <\/div>\n\n                        <div id=\"q3\" class=\"collapse\" data-parent=\"#common-faqs-accordion\">\n            \n                <div class=\"card-body\">Our documentation give you all you need to customize your copy. However you will need some basic web design knowledge (HTML, Javascript and CSS)<\/div>\n            <\/div>\n        <\/div>\n  \n \n\n        <div class=\"card mb-3\">\n            <div class=\"card-header\">\n                <a href=\"#\" class=\"card-title btn\" data-toggle=\"collapse\" data-target=\"#q4\">Can I suggest a new feature?<\/a>\n            <\/div>\n\n                        <div id=\"q4\" class=\"collapse\" data-parent=\"#common-faqs-accordion\">\n            \n                <div class=\"card-body\"><\/div>\n            <\/div>\n        <\/div>\n  \n[\/vc_column][\/vc_row][vc_row][vc_column] \n\n        <section class=\"section\">\n            <div class=\"container bring-to-front\">\n                <div class=\"shadow rounded text-center bg-4-gradient color-1 p-5\">\n                    <h2 class=\"mb-5\">Try Dashcore now.... love it forever<\/h2>\n                    <p class=\"handwritten highlight font-md\">Why wait? Start now!!<\/p>\n                    <a href=\"http:\/\/shtheme.net\/demosd\/dashcore\/?page_id=661\" class=\"btn btn-5 btn-rounded mt-4\">START NOW<\/a>\n                <\/div>\n            <\/div>\n        <\/section>\n  \n[\/vc_column][\/vc_row]<\/p>\n","protected":false},"excerpt":{"rendered":"<p>[vc_row][vc_column][\/vc_column][\/vc_row][vc_row type_row=&#8221;partners&#8221;][vc_column][\/vc_column][\/vc_row][vc_row type_row=&#8221;features&#8221; ses_title=&#8221;DESIGN BETTER&#8221; ses_title2=&#8221;We design to fit all your needs&#8221;][vc_column][\/vc_column][\/vc_row][vc_row type_row=&#8221;section_steps_1&#8243; ses_title=&#8221;Tools for everyone&#8221; ses_subtitle=&#8221;Get ready in no time&#8230; just like 1, 2 &amp; 3.&#8221;][vc_column width=&#8221;1\/2&#8243;][\/vc_column][vc_column width=&#8221;1\/2&#8243;][\/vc_column][\/vc_row][vc_row][vc_column][\/vc_column][\/vc_row][vc_row type_row=&#8221;offers&#8221; ses_title=&#8221;Let&#8217;s do business&#8221; ses_title2=&#8221;What Dashcore template offers&#8221;][vc_column][\/vc_column][\/vc_row][vc_row][vc_column][\/vc_column][\/vc_row][vc_row][vc_column][\/vc_column][\/vc_row][vc_row][vc_column][\/vc_column][\/vc_row][vc_row type_row=&#8221;faqs&#8221;][vc_column width=&#8221;1\/2&#8243;][\/vc_column][vc_column width=&#8221;1\/2&#8243; type=&#8221;faqs_1b&#8221;][\/vc_column][\/vc_row][vc_row][vc_column][\/vc_column][\/vc_row]<\/p>\n","protected":false},"author":1,"featured_media":0,"parent":0,"menu_order":0,"comment_status":"closed","ping_status":"closed","template":"page-templates\/home-v1.php","meta":{"footnotes":""},"class_list":["post-82","page","type-page","status-publish","hentry"],"_links":{"self":[{"href":"http:\/\/www.minervaedutech.com\/index.php\/wp-json\/wp\/v2\/pages\/82","targetHints":{"allow":["GET"]}}],"collection":[{"href":"http:\/\/www.minervaedutech.com\/index.php\/wp-json\/wp\/v2\/pages"}],"about":[{"href":"http:\/\/www.minervaedutech.com\/index.php\/wp-json\/wp\/v2\/types\/page"}],"author":[{"embeddable":true,"href":"http:\/\/www.minervaedutech.com\/index.php\/wp-json\/wp\/v2\/users\/1"}],"replies":[{"embeddable":true,"href":"http:\/\/www.minervaedutech.com\/index.php\/wp-json\/wp\/v2\/comments?post=82"}],"version-history":[{"count":1,"href":"http:\/\/www.minervaedutech.com\/index.php\/wp-json\/wp\/v2\/pages\/82\/revisions"}],"predecessor-version":[{"id":900,"href":"http:\/\/www.minervaedutech.com\/index.php\/wp-json\/wp\/v2\/pages\/82\/revisions\/900"}],"wp:attachment":[{"href":"http:\/\/www.minervaedutech.com\/index.php\/wp-json\/wp\/v2\/media?parent=82"}],"curies":[{"name":"wp","href":"https:\/\/api.w.org\/{rel}","templated":true}]}}